{"id":1462,"date":"2024-05-04T07:56:52","date_gmt":"2024-05-04T06:56:52","guid":{"rendered":"https:\/\/www.jmpcso.cz\/?page_id=1462"},"modified":"2025-03-22T17:49:06","modified_gmt":"2025-03-22T16:49:06","slug":"uvod","status":"publish","type":"page","link":"https:\/\/www.jmpcso.cz\/","title":{"rendered":"Kdo jsme"},"content":{"rendered":"<div style=\"-webkit-hyphens: none; -moz-hyphens: none; -ms-hyphens: none; hyphens: none; word-wrap: normal;\">\n<p>Jihomoravsk\u00e1 pobo\u010dka \u010cSO je pobo\u010dn\u00fdm spolkem \u010cesk\u00e9 spole\u010dnosti ornito\u00adlogick\u00e9. Ve sv\u00e9 \u010dinnosti navazuje na historii spolkov\u00fdch i&nbsp;v\u00fdzkum\u00adn\u00fdch aktivit ornitolog\u016f z&nbsp;Brna a&nbsp;\u0161irok\u00e9ho okol\u00ed. Nab\u00edz\u00ed setk\u00e1v\u00e1n\u00ed a&nbsp;sd\u00edle\u00adn\u00ed poznatk\u016f z&nbsp;pozorov\u00e1n\u00ed, v\u00fdzkumu a&nbsp;ochrany pt\u00e1k\u016f. Organizuje exkur\u00adze, koordinuje monitoring a&nbsp;v\u00fdzkumy, \u00fa\u010dastn\u00ed se spr\u00e1vn\u00edch \u0159\u00edze\u00adn\u00ed a&nbsp;aktivn\u011b pe\u010duje o&nbsp;cenn\u00e9 lokality.<\/p>\n<p>P\u016fsobnost: Jihomoravsk\u00fd kraj a&nbsp;okresy Uhersk\u00e9 Hradi\u0161t\u011b a&nbsp;Zl\u00edn.<\/p>\n<\/div>\n<ul>\n<li><a href=\"https:\/\/www.jmpcso.cz\/index.php\/o-nas\/\">Z\u00e1kladn\u00ed \u00fadaje o&nbsp;JMP \u010cSO<\/a><\/li>\n<li><a href=\"https:\/\/www.jmpcso.cz\/index.php\/co-delame\/\">V\u00edce o&nbsp;tom, co d\u011bl\u00e1me<\/a><\/li>\n<li><a href=\"https:\/\/www.jmpcso.cz\/index.php\/vyrocni-zpravy\/\">V\u00fdro\u010dn\u00ed zpr\u00e1vy<\/a><\/li>\n<\/ul>\n<p><b>Chcete se st\u00e1t \u010dlenem Jihomoravsk\u00e9 pobo\u010dky \u010cSO?<br \/>\n<\/b>V\u00edce informac\u00ed <b><a href=\"https:\/\/www.jmpcso.cz\/index.php\/uvod\/clenstvi\/\">zde<\/a><\/b><b>.<\/b><\/p>\n<div class=\"pt-cv-wrapper\"><div class=\"pt-cv-view pt-cv-blockgrid iscvblock iscvhybrid grid1 layout1\" id=\"pt-cv-view-2c167dekhm\"><div data-id=\"pt-cv-page-1\" class=\"pt-cv-page\" data-cvc=\"3\"><div class=\" pt-cv-content-item pt-cv-1-col\" ><div class=\"pt-cv-thumb-wrapper  \"><a href=\"https:\/\/www.jmpcso.cz\/index.php\/o-nas\/kontakt\/\" class=\"_self pt-cv-href-thumbnail pt-cv-thumb-default\" target=\"_self\" ><img loading=\"lazy\" decoding=\"async\" width=\"300\" height=\"225\" src=\"https:\/\/www.jmpcso.cz\/wp-content\/uploads\/2016\/11\/DSCN4546-300x225.jpg\" class=\"pt-cv-thumbnail\" alt=\"\" data-attachment-id=\"31\" data-permalink=\"https:\/\/www.jmpcso.cz\/dscn4546\/\" data-orig-file=\"https:\/\/www.jmpcso.cz\/wp-content\/uploads\/2016\/11\/DSCN4546-e1480050803270.jpg\" data-orig-size=\"600,450\" data-comments-opened=\"1\" data-image-meta=\"{&quot;aperture&quot;:&quot;3.5&quot;,&quot;credit&quot;:&quot;&quot;,&quot;camera&quot;:&quot;COOLPIX P300&quot;,&quot;caption&quot;:&quot;&quot;,&quot;created_timestamp&quot;:&quot;1373733321&quot;,&quot;copyright&quot;:&quot;&quot;,&quot;focal_length&quot;:&quot;8.1&quot;,&quot;iso&quot;:&quot;160&quot;,&quot;shutter_speed&quot;:&quot;0.0008&quot;,&quot;title&quot;:&quot;&quot;,&quot;orientation&quot;:&quot;1&quot;}\" data-image-title=\"dscn4546\" data-image-description=\"\" data-image-caption=\"\" data-large-file=\"https:\/\/www.jmpcso.cz\/wp-content\/uploads\/2016\/11\/DSCN4546-1024x768.jpg\" \/><\/a><\/div>\n<div class=\"pt-cv-taxoterm above_title\"><\/div>\n<h4 class=\"pt-cv-title\"><a href=\"https:\/\/www.jmpcso.cz\/index.php\/o-nas\/kontakt\/\" class=\"_self\" target=\"_self\" >Kontakt<\/a><\/h4><\/div>\n<div class=\" pt-cv-content-item pt-cv-1-col\" ><div class=\"pt-cv-thumb-wrapper  \"><a href=\"https:\/\/www.jmpcso.cz\/index.php\/odkazy\/cso\/\" class=\"_self pt-cv-href-thumbnail pt-cv-thumb-default\" target=\"_self\" ><img loading=\"lazy\" decoding=\"async\" width=\"300\" height=\"225\" src=\"https:\/\/www.jmpcso.cz\/wp-content\/uploads\/2016\/11\/mula_velka-300x225.jpg\" class=\"pt-cv-thumbnail\" alt=\"\" data-attachment-id=\"95\" data-permalink=\"https:\/\/www.jmpcso.cz\/mula_velka\/\" data-orig-file=\"https:\/\/www.jmpcso.cz\/wp-content\/uploads\/2016\/11\/mula_velka.jpg\" data-orig-size=\"2176,1632\" data-comments-opened=\"1\" data-image-meta=\"{&quot;aperture&quot;:&quot;8&quot;,&quot;credit&quot;:&quot;&quot;,&quot;camera&quot;:&quot;NIKON D80&quot;,&quot;caption&quot;:&quot;&quot;,&quot;created_timestamp&quot;:&quot;1333631783&quot;,&quot;copyright&quot;:&quot;&quot;,&quot;focal_length&quot;:&quot;24&quot;,&quot;iso&quot;:&quot;125&quot;,&quot;shutter_speed&quot;:&quot;0.0166666666667&quot;,&quot;title&quot;:&quot;&quot;,&quot;orientation&quot;:&quot;1&quot;}\" data-image-title=\"mula_velka\" data-image-description=\"\" data-image-caption=\"\" data-large-file=\"https:\/\/www.jmpcso.cz\/wp-content\/uploads\/2016\/11\/mula_velka-1024x768.jpg\" \/><\/a><\/div>\n<div class=\"pt-cv-taxoterm above_title\"><\/div>\n<h4 class=\"pt-cv-title\"><a href=\"https:\/\/www.jmpcso.cz\/index.php\/odkazy\/cso\/\" class=\"_self\" target=\"_self\" >\u010cSO<\/a><\/h4><\/div>\n<div class=\" pt-cv-content-item pt-cv-1-col\" ><div class=\"pt-cv-thumb-wrapper  \"><a href=\"https:\/\/www.jmpcso.cz\/index.php\/odkazy\/birds-cz\/\" class=\"_self pt-cv-href-thumbnail pt-cv-thumb-default\" target=\"_self\" ><img loading=\"lazy\" decoding=\"async\" width=\"300\" height=\"225\" src=\"https:\/\/www.jmpcso.cz\/wp-content\/uploads\/2016\/11\/chocholous-300x225.jpg\" class=\"pt-cv-thumbnail\" alt=\"\" data-attachment-id=\"96\" data-permalink=\"https:\/\/www.jmpcso.cz\/chocholous-2\/\" data-orig-file=\"https:\/\/www.jmpcso.cz\/wp-content\/uploads\/2016\/11\/chocholous.jpg\" data-orig-size=\"1837,1378\" data-comments-opened=\"1\" data-image-meta=\"{&quot;aperture&quot;:&quot;5.6&quot;,&quot;credit&quot;:&quot;&quot;,&quot;camera&quot;:&quot;NIKON D700&quot;,&quot;caption&quot;:&quot;&quot;,&quot;created_timestamp&quot;:&quot;1269101213&quot;,&quot;copyright&quot;:&quot;&quot;,&quot;focal_length&quot;:&quot;500&quot;,&quot;iso&quot;:&quot;400&quot;,&quot;shutter_speed&quot;:&quot;0.001&quot;,&quot;title&quot;:&quot;&quot;,&quot;orientation&quot;:&quot;1&quot;}\" data-image-title=\"chocholous\" data-image-description=\"\" data-image-caption=\"\" data-large-file=\"https:\/\/www.jmpcso.cz\/wp-content\/uploads\/2016\/11\/chocholous-1024x768.jpg\" \/><\/a><\/div>\n<div class=\"pt-cv-taxoterm above_title\"><\/div>\n<h4 class=\"pt-cv-title\"><a href=\"https:\/\/www.jmpcso.cz\/index.php\/odkazy\/birds-cz\/\" class=\"_self\" target=\"_self\" >birds.cz<\/a><\/h4><\/div><\/div><\/div><\/div>\t\t\t<style type=\"text\/css\" id=\"pt-cv-inline-style-92df4cf4p9\">\n#pt-cv-view-2c167dekhm .pt-cv-thumb-wrapper:not(.miniwrap) {  }#pt-cv-view-2c167dekhm .pt-cv-thumbnail:not(.pt-cv-thumbnailsm) { height: 250px; }#pt-cv-view-2c167dekhm > .pt-cv-page {grid-template-columns: repeat(3, 1fr);grid-gap: 15px;}\n@media all and (max-width: 1024px) { \n#pt-cv-view-2c167dekhm > .pt-cv-page {grid-template-columns: repeat(1, 1fr);}\n} \n@media all and (max-width: 767px) { \n#pt-cv-view-2c167dekhm > .pt-cv-page {grid-template-columns: repeat(1, 1fr);}\n} <\/style>\r\n\t\t\t\n","protected":false},"excerpt":{"rendered":"<p>Jihomoravsk\u00e1 pobo\u010dka \u010cSO je pobo\u010dn\u00fdm spolkem \u010cesk\u00e9 spole\u010dnosti ornito\u00adlogick\u00e9. Ve sv\u00e9 \u010dinnosti navazuje na historii spolkov\u00fdch i&nbsp;v\u00fdzkum\u00adn\u00fdch aktivit ornitolog\u016f z&nbsp;Brna a&nbsp;\u0161irok\u00e9ho okol\u00ed. Nab\u00edz\u00ed setk\u00e1v\u00e1n\u00ed a&nbsp;sd\u00edle\u00adn\u00ed poznatk\u016f z&nbsp;pozorov\u00e1n\u00ed, v\u00fdzkumu a&nbsp;ochrany pt\u00e1k\u016f. Organizuje exkur\u00adze, koordinuje monitoring a&nbsp;v\u00fdzkumy, \u00fa\u010dastn\u00ed se spr\u00e1vn\u00edch \u0159\u00edze\u00adn\u00ed a&nbsp;aktivn\u011b pe\u010duje o&nbsp;cenn\u00e9 lokality. P\u016fsobnost: Jihomoravsk\u00fd kraj a&nbsp;okresy Uhersk\u00e9 Hradi\u0161t\u011b a&nbsp;Zl\u00edn. Z\u00e1kladn\u00ed \u00fadaje o&nbsp;JMP \u010cSO V\u00edce &hellip; <a href=\"https:\/\/www.jmpcso.cz\/\" class=\"more-link\">Pokra\u010dov\u00e1n\u00ed textu <span class=\"screen-reader-text\">Kdo jsme<\/span><\/a><\/p>\n","protected":false},"author":5,"featured_media":1572,"parent":0,"menu_order":0,"comment_status":"closed","ping_status":"closed","template":"","meta":{"footnotes":""},"categories":[],"tags":[],"class_list":["post-1462","page","type-page","status-publish","has-post-thumbnail","hentry"],"jetpack_sharing_enabled":true,"jetpack_shortlink":"https:\/\/wp.me\/PfJgh8-nA","_links":{"self":[{"href":"https:\/\/www.jmpcso.cz\/index.php\/wp-json\/wp\/v2\/pages\/1462","targetHints":{"allow":["GET"]}}],"collection":[{"href":"https:\/\/www.jmpcso.cz\/index.php\/wp-json\/wp\/v2\/pages"}],"about":[{"href":"https:\/\/www.jmpcso.cz\/index.php\/wp-json\/wp\/v2\/types\/page"}],"author":[{"embeddable":true,"href":"https:\/\/www.jmpcso.cz\/index.php\/wp-json\/wp\/v2\/users\/5"}],"replies":[{"embeddable":true,"href":"https:\/\/www.jmpcso.cz\/index.php\/wp-json\/wp\/v2\/comments?post=1462"}],"version-history":[{"count":24,"href":"https:\/\/www.jmpcso.cz\/index.php\/wp-json\/wp\/v2\/pages\/1462\/revisions"}],"predecessor-version":[{"id":2246,"href":"https:\/\/www.jmpcso.cz\/index.php\/wp-json\/wp\/v2\/pages\/1462\/revisions\/2246"}],"wp:featuredmedia":[{"embeddable":true,"href":"https:\/\/www.jmpcso.cz\/index.php\/wp-json\/wp\/v2\/media\/1572"}],"wp:attachment":[{"href":"https:\/\/www.jmpcso.cz\/index.php\/wp-json\/wp\/v2\/media?parent=1462"}],"wp:term":[{"taxonomy":"category","embeddable":true,"href":"https:\/\/www.jmpcso.cz\/index.php\/wp-json\/wp\/v2\/categories?post=1462"},{"taxonomy":"post_tag","embeddable":true,"href":"https:\/\/www.jmpcso.cz\/index.php\/wp-json\/wp\/v2\/tags?post=1462"}],"curies":[{"name":"wp","href":"https:\/\/api.w.org\/{rel}","templated":true}]}}