{"id":1469,"date":"2024-05-04T07:37:33","date_gmt":"2024-05-04T06:37:33","guid":{"rendered":"https:\/\/www.jmpcso.cz\/?page_id=1469"},"modified":"2025-03-22T17:40:37","modified_gmt":"2025-03-22T16:40:37","slug":"cso","status":"publish","type":"page","link":"https:\/\/www.jmpcso.cz\/index.php\/odkazy\/cso\/","title":{"rendered":"\u010cSO"},"content":{"rendered":"<p><a href=\"http:\/\/birdlife.cz\/\" target=\"_blank\" rel=\"noopener\">\u010cesk\u00e1 spole\u010dnost ornitologick\u00e1<\/a>\u00a0je dobrovoln\u00e9 z\u00e1jmov\u00e9 sdru\u017een\u00ed profesion\u00e1ln\u00edch pracovn\u00edk\u016f i&nbsp;amat\u00e9r\u016f zab\u00fdvaj\u00edc\u00edch se v\u00fdzkumem a&nbsp;ochranou pt\u00e1k\u016f, z\u00e1jemc\u016f o&nbsp;pozorov\u00e1n\u00ed pt\u00e1k\u016f a&nbsp;milovn\u00edk\u016f p\u0159\u00edrody.<\/p>\n","protected":false},"excerpt":{"rendered":"<p>\u010cesk\u00e1 spole\u010dnost ornitologick\u00e1\u00a0je dobrovoln\u00e9 z\u00e1jmov\u00e9 sdru\u017een\u00ed profesion\u00e1ln\u00edch pracovn\u00edk\u016f i&nbsp;amat\u00e9r\u016f zab\u00fdvaj\u00edc\u00edch se v\u00fdzkumem a&nbsp;ochranou pt\u00e1k\u016f, z\u00e1jemc\u016f o&nbsp;pozorov\u00e1n\u00ed pt\u00e1k\u016f a&nbsp;milovn\u00edk\u016f p\u0159\u00edrody.<\/p>\n","protected":false},"author":5,"featured_media":95,"parent":1495,"menu_order":0,"comment_status":"closed","ping_status":"closed","template":"","meta":{"footnotes":""},"categories":[],"tags":[],"class_list":["post-1469","page","type-page","status-publish","has-post-thumbnail","hentry"],"jetpack_sharing_enabled":true,"jetpack_shortlink":"https:\/\/wp.me\/PfJgh8-nH","_links":{"self":[{"href":"https:\/\/www.jmpcso.cz\/index.php\/wp-json\/wp\/v2\/pages\/1469","targetHints":{"allow":["GET"]}}],"collection":[{"href":"https:\/\/www.jmpcso.cz\/index.php\/wp-json\/wp\/v2\/pages"}],"about":[{"href":"https:\/\/www.jmpcso.cz\/index.php\/wp-json\/wp\/v2\/types\/page"}],"author":[{"embeddable":true,"href":"https:\/\/www.jmpcso.cz\/index.php\/wp-json\/wp\/v2\/users\/5"}],"replies":[{"embeddable":true,"href":"https:\/\/www.jmpcso.cz\/index.php\/wp-json\/wp\/v2\/comments?post=1469"}],"version-history":[{"count":1,"href":"https:\/\/www.jmpcso.cz\/index.php\/wp-json\/wp\/v2\/pages\/1469\/revisions"}],"predecessor-version":[{"id":1470,"href":"https:\/\/www.jmpcso.cz\/index.php\/wp-json\/wp\/v2\/pages\/1469\/revisions\/1470"}],"up":[{"embeddable":true,"href":"https:\/\/www.jmpcso.cz\/index.php\/wp-json\/wp\/v2\/pages\/1495"}],"wp:featuredmedia":[{"embeddable":true,"href":"https:\/\/www.jmpcso.cz\/index.php\/wp-json\/wp\/v2\/media\/95"}],"wp:attachment":[{"href":"https:\/\/www.jmpcso.cz\/index.php\/wp-json\/wp\/v2\/media?parent=1469"}],"wp:term":[{"taxonomy":"category","embeddable":true,"href":"https:\/\/www.jmpcso.cz\/index.php\/wp-json\/wp\/v2\/categories?post=1469"},{"taxonomy":"post_tag","embeddable":true,"href":"https:\/\/www.jmpcso.cz\/index.php\/wp-json\/wp\/v2\/tags?post=1469"}],"curies":[{"name":"wp","href":"https:\/\/api.w.org\/{rel}","templated":true}]}}