{"id":17,"date":"2016-11-10T10:09:18","date_gmt":"2016-11-10T09:09:18","guid":{"rendered":"http:\/\/www.jmpcso.cz\/?page_id=17"},"modified":"2025-11-25T15:13:41","modified_gmt":"2025-11-25T14:13:41","slug":"o-nas","status":"publish","type":"page","link":"https:\/\/www.jmpcso.cz\/index.php\/o-nas\/","title":{"rendered":"O n\u00e1s"},"content":{"rendered":"\r\n<div class=\"wp-block-group\"><div class=\"wp-block-group__inner-container is-layout-constrained wp-block-group-is-layout-constrained\">\r\n<h5>Z\u00e1kladn\u00ed \u00fadaje:<\/h5>\r\n<p><strong>N\u00e1zev organizace:<\/strong><br \/>\u010cesk\u00e1 spole\u010dnost ornitologick\u00e1 &#8211; Jihomoravsk\u00e1 pobo\u010dka<\/p>\r\n<p><strong>Zalo\u017eena:<\/strong><br \/>6.&nbsp;3.&nbsp;1993<\/p>\r\n<p><strong>Pr\u00e1vn\u00ed forma organizace:\u00a0<\/strong>Pobo\u010dn\u00fd spolek zapsan\u00fd pod sp. zn L 38227 \u00a0ve spolkov\u00e9m rejst\u0159\u00edku veden\u00e9m M\u011bstsk\u00fdm soudem v&nbsp;Praze s&nbsp;dnem z\u00e1pisu 1.1.2014 (<a href=\"https:\/\/or.justice.cz\/ias\/ui\/rejstrik-firma.vysledky?subjektId=835784&amp;typ=UPLNY&amp;sp\">V\u00fdpis ze spolkov\u00e9ho rejst\u0159\u00edku<\/a>)<\/p>\r\n<p><strong>S\u00eddlo:<\/strong><br \/>Lidick\u00e1 971\/25, 602&nbsp;00 Brno<\/p>\r\n<p><strong>I\u010cO:<\/strong>\u00a065353391<br \/><strong>DI\u010c:<\/strong> CZ65353391<\/p>\r\n<p><strong>\u00dazemn\u00ed p\u016fsobnost:<\/strong><br \/>Jihomoravsk\u00fd kraj a&nbsp;okresy Zl\u00edn a&nbsp;Uhersk\u00e9 Hradi\u0161t\u011b<\/p>\r\n<p><strong>Sou\u010dasn\u00fd v\u00fdbor pracuje ve slo\u017een\u00ed:<\/strong><br \/>Jan Sychra\u00a0\u2013 p\u0159edseda<br \/>Ga\u0161par \u010caml\u00edk\u00a0\u2013 jednatel<br \/>Kry\u0161tof Hor\u00e1k \u2013 m\u00edstop\u0159edseda<br \/>P\u0159emysl Heralt\u00a0\u2013 \u010dlen<br \/>David Horal \u2013 \u010dlen (do 30- 6- 2025)<br \/>Filip Pet\u0159\u00edk \u2013 \u010dlen<br \/>(do roku 2017 byl \u010destn\u00fdm p\u0159edsedou Karel Hudec)<\/p>\r\n<p><strong>\u010clenstv\u00ed:<\/strong><br \/>\u010cleny se mohou st\u00e1t pouze \u010dlenov\u00e9 \u010cSO (v\u00edce <a href=\"https:\/\/www.jmpcso.cz\/index.php\/uvod\/clenstvi\/\">zde<\/a>).<\/p>\r\n<p><strong>\u010casopis<\/strong> <strong>Crex:<\/strong><br \/>Zpravodaj JMP \u010cSO vych\u00e1z\u00ed jednou ro\u010dn\u011b, od \u010d\u00edsla 40 (2023) je \u010dlen\u016fm k&nbsp;dispozici tak\u00e9 elektronick\u00e1 verze \u010dasopisu. Ti\u0161t\u011bnou verzi lze zakoupit za 100&nbsp;K\u010d na \u010dlensk\u00e9 sch\u016fzi, nebo objednat na v\u00fd\u0161e uveden\u00e9 adrese. Pro ne\u010dleny je cena ti\u0161t\u011bn\u00e9ho \u010dasopisu 350&nbsp;K\u010d.<\/p>\r\n<p><span style=\"font-weight: 400;\"><strong>Bankovn\u00ed \u00fa\u010det:<\/strong> 164525401\/0600<\/span><\/p>\r\n<p><strong>Kontakt:<\/strong><br \/>e-mail: <a href=\"mailto:jmpcso@jmpcso.cz\" target=\"_blank\" rel=\"noopener\">jmpcso@jmpcso.cz<\/a><\/p>\r\n<p>Datov\u00e1 schr\u00e1nka: 56ywzeq<\/p>\r\n<p>Jednatel \u2013 Ga\u0161par \u010caml\u00edk, tel. 731&nbsp;782&nbsp;066<br \/>e-mail: <a href=\"mailto:camlik@jmpcso.cz\" target=\"_blank\" rel=\"noopener\">camlik@jmpcso.cz<\/a><\/p>\r\n<p>facebook: <a href=\"https:\/\/facebook.com\/jmpcso\" target=\"_blank\" rel=\"noopener\">fb.com\/jmpcso<\/a><br \/>instagram: <a href=\"https:\/\/www.instagram.com\/jihomoravska_ornitologicka\/\" target=\"_blank\" rel=\"noopener\">instagram.com\/jihomoravska_ornitologicka<\/a><\/p>\r\n<\/div><\/div>\r\n","protected":false},"excerpt":{"rendered":"<p>Z\u00e1kladn\u00ed \u00fadaje: N\u00e1zev organizace:\u010cesk\u00e1 spole\u010dnost ornitologick\u00e1 &#8211; Jihomoravsk\u00e1 pobo\u010dka Zalo\u017eena:6.&nbsp;3.&nbsp;1993 Pr\u00e1vn\u00ed forma organizace:\u00a0Pobo\u010dn\u00fd spolek zapsan\u00fd pod sp. zn L 38227 \u00a0ve spolkov\u00e9m rejst\u0159\u00edku veden\u00e9m M\u011bstsk\u00fdm soudem v&nbsp;Praze s&nbsp;dnem z\u00e1pisu 1.1.2014 (V\u00fdpis ze spolkov\u00e9ho rejst\u0159\u00edku) S\u00eddlo:Lidick\u00e1 971\/25, 602&nbsp;00 Brno I\u010cO:\u00a065353391DI\u010c: CZ65353391 \u00dazemn\u00ed p\u016fsobnost:Jihomoravsk\u00fd kraj a&nbsp;okresy Zl\u00edn a&nbsp;Uhersk\u00e9 Hradi\u0161t\u011b Sou\u010dasn\u00fd v\u00fdbor pracuje ve slo\u017een\u00ed:Jan Sychra\u00a0\u2013 p\u0159edsedaGa\u0161par \u010caml\u00edk\u00a0\u2013 &hellip; <a href=\"https:\/\/www.jmpcso.cz\/index.php\/o-nas\/\" class=\"more-link\">Pokra\u010dov\u00e1n\u00ed textu <span class=\"screen-reader-text\">O n\u00e1s<\/span><\/a><\/p>\n","protected":false},"author":6,"featured_media":0,"parent":0,"menu_order":5,"comment_status":"closed","ping_status":"closed","template":"","meta":{"footnotes":""},"categories":[],"tags":[],"class_list":["post-17","page","type-page","status-publish","hentry"],"jetpack_sharing_enabled":true,"jetpack_shortlink":"https:\/\/wp.me\/PfJgh8-h","_links":{"self":[{"href":"https:\/\/www.jmpcso.cz\/index.php\/wp-json\/wp\/v2\/pages\/17","targetHints":{"allow":["GET"]}}],"collection":[{"href":"https:\/\/www.jmpcso.cz\/index.php\/wp-json\/wp\/v2\/pages"}],"about":[{"href":"https:\/\/www.jmpcso.cz\/index.php\/wp-json\/wp\/v2\/types\/page"}],"author":[{"embeddable":true,"href":"https:\/\/www.jmpcso.cz\/index.php\/wp-json\/wp\/v2\/users\/6"}],"replies":[{"embeddable":true,"href":"https:\/\/www.jmpcso.cz\/index.php\/wp-json\/wp\/v2\/comments?post=17"}],"version-history":[{"count":28,"href":"https:\/\/www.jmpcso.cz\/index.php\/wp-json\/wp\/v2\/pages\/17\/revisions"}],"predecessor-version":[{"id":2472,"href":"https:\/\/www.jmpcso.cz\/index.php\/wp-json\/wp\/v2\/pages\/17\/revisions\/2472"}],"wp:attachment":[{"href":"https:\/\/www.jmpcso.cz\/index.php\/wp-json\/wp\/v2\/media?parent=17"}],"wp:term":[{"taxonomy":"category","embeddable":true,"href":"https:\/\/www.jmpcso.cz\/index.php\/wp-json\/wp\/v2\/categories?post=17"},{"taxonomy":"post_tag","embeddable":true,"href":"https:\/\/www.jmpcso.cz\/index.php\/wp-json\/wp\/v2\/tags?post=17"}],"curies":[{"name":"wp","href":"https:\/\/api.w.org\/{rel}","templated":true}]}}