{"id":1783,"date":"2024-07-27T08:57:36","date_gmt":"2024-07-27T07:57:36","guid":{"rendered":"https:\/\/www.jmpcso.cz\/?page_id=1783"},"modified":"2025-11-25T15:40:09","modified_gmt":"2025-11-25T14:40:09","slug":"clenstvi","status":"publish","type":"page","link":"https:\/\/www.jmpcso.cz\/index.php\/o-nas\/clenstvi\/","title":{"rendered":"\u010clenstv\u00ed v&nbsp;JMP \u010cSO"},"content":{"rendered":"<p><b>V\u00fdhody \u010dlenstv\u00ed<\/b><\/p>\n<p><span style=\"font-weight: 400;\">Dvakr\u00e1t do roka (jaro a&nbsp;podzim) po\u0159\u00e1d\u00e1me \u010dlenskou sch\u016fzi, kter\u00e1 b\u00fdv\u00e1 v\u017edy v&nbsp;sobotu v&nbsp;9:30 hod. zpravidla v&nbsp;p\u0159edn\u00e1\u0161kov\u00e9m s\u00e1le Moravsk\u00e9ho zemsk\u00e9ho muzea v&nbsp;Brn\u011b. Pozv\u00e1nky na sch\u016fzi pobo\u010dky zas\u00edl\u00e1me emailem a&nbsp;zve\u0159ej\u0148ujeme na <\/span><a href=\"https:\/\/www.facebook.com\/jmpcso\/\" target=\"_blank\" rel=\"noopener\"><span style=\"font-weight: 400;\">Facebooku<\/span><\/a><span style=\"font-weight: 400;\"> nebo zde na pobo\u010dkov\u00e9m webu, kde tak\u00e9 m\u016f\u017eete nal\u00e9zt dal\u0161\u00ed informace o&nbsp;na\u0161\u00ed \u010dinnosti.<\/span><\/p>\n<p><span style=\"font-weight: 400;\">V jarn\u00edm obdob\u00ed (obvykle na p\u0159elomu b\u0159ezna a&nbsp;dubna) tak\u00e9 po\u0159\u00e1d\u00e1me pro na\u0161e \u010dleny v\u00edkendovou exkurzi do n\u011bkter\u00e9 za zaj\u00edmav\u00fdch, ale ornitologicky m\u00e9n\u011b prob\u00e1dan\u00fdch oblast\u00ed ji\u017en\u00ed Moravy.\u00a0<\/span><\/p>\n<p><span style=\"font-weight: 400;\">\u010clenov\u00e9 dost\u00e1vaj\u00ed sborn\u00edk CREX \u2013 Zpravodaj Jihomoravsk\u00e9 pobo\u010dky \u010cSO, kter\u00fd vych\u00e1z\u00ed zpravidla 1x ro\u010dn\u011b. \u010clenov\u00e9 mohou vyu\u017e\u00edvat pobo\u010dkovou knihovnu.<\/span><\/p>\n<p><span style=\"font-weight: 400;\">Ka\u017edoro\u010dn\u011b organizujeme r\u016fzn\u00e9 akce zam\u011b\u0159en\u00e9 na pozorov\u00e1n\u00ed pt\u00e1k\u016f, praktickou ochranu p\u0159\u00edrody, specifick\u00fd monitoring vybran\u00fdch druh\u016f\u00a0 i&nbsp;neform\u00e1ln\u00ed setk\u00e1v\u00e1n\u00ed. Informace o&nbsp;aktualit\u00e1ch a&nbsp;pobo\u010dkov\u00fdch akc\u00edch dost\u00e1vaj\u00ed \u010dlenov\u00e9 mailem, v\u011bt\u0161inu aktivit naleznete i&nbsp;v&nbsp;na\u0161em p\u0159ehledu <\/span><a href=\"https:\/\/www.jmpcso.cz\/index.php\/calendar\/seznam-akci-pro-verejnost\/\" target=\"_blank\" rel=\"noopener\"><span style=\"font-weight: 400;\">akc\u00ed<\/span><\/a><span style=\"font-weight: 400;\">.<\/span><\/p>\n<p>&nbsp;<\/p>\n<p><b>Podm\u00ednky \u010dlenstv\u00ed v\u00a0JMP \u010cSO<\/b><\/p>\n<ul>\n<li style=\"font-weight: 400;\" aria-level=\"1\"><span style=\"font-weight: 400;\">\u010clenstv\u00ed v\u00a0<\/span><span style=\"font-weight: 400;\">\u010cSO (p\u0159ihl\u00e1\u0161ka <a href=\"https:\/\/moje.cso.cz\/prihlaska\" target=\"_blank\" rel=\"noopener\">zde<\/a>); <\/span><span style=\"font-weight: 400;\">nastavte si pros\u00edm \u010dlenstv\u00ed v&nbsp;pobo\u010dce sami ve sv\u00e9m <\/span><a href=\"https:\/\/www.birdlife.cz\/clenske-profily\/\" target=\"_blank\" rel=\"noopener\"><span style=\"font-weight: 400;\">\u010dlensk\u00e9m profilu<\/span><\/a><span style=\"font-weight: 400;\">. Na hlavn\u00ed str\u00e1nce sv\u00e9ho profilu zvolte jako svou domovskou pobo\u010dku n\u00e1s \u2013 viz obr\u00e1zek n\u00ed\u017ee.<br \/>\n<img loading=\"lazy\" decoding=\"async\" data-attachment-id=\"1786\" data-permalink=\"https:\/\/www.jmpcso.cz\/index.php\/o-nas\/clenstvi\/podpora-pobocky\/\" data-orig-file=\"https:\/\/www.jmpcso.cz\/wp-content\/uploads\/2024\/07\/podpora-pobocky-e1722057527492.png\" data-orig-size=\"1038,169\" data-comments-opened=\"0\" data-image-meta=\"{&quot;aperture&quot;:&quot;0&quot;,&quot;credit&quot;:&quot;&quot;,&quot;camera&quot;:&quot;&quot;,&quot;caption&quot;:&quot;&quot;,&quot;created_timestamp&quot;:&quot;0&quot;,&quot;copyright&quot;:&quot;&quot;,&quot;focal_length&quot;:&quot;0&quot;,&quot;iso&quot;:&quot;0&quot;,&quot;shutter_speed&quot;:&quot;0&quot;,&quot;title&quot;:&quot;&quot;,&quot;orientation&quot;:&quot;0&quot;}\" data-image-title=\"podpora pobo\u010dky\" data-image-description=\"\" data-image-caption=\"\" data-large-file=\"https:\/\/www.jmpcso.cz\/wp-content\/uploads\/2024\/07\/podpora-pobocky-1024x167.png\" class=\"aligncenter wp-image-1786 size-large\" src=\"https:\/\/www.jmpcso.cz\/wp-content\/uploads\/2024\/07\/podpora-pobocky-1024x167.png\" alt=\"\" width=\"660\" height=\"108\" \/><\/span><\/li>\n<li style=\"font-weight: 400;\" aria-level=\"1\"><span style=\"font-weight: 400;\">Vypln\u011bn\u00ed online <\/span><a href=\"https:\/\/www.jmpcso.cz\/index.php\/uvod\/clenstvi\/prihlaska-k-clenstvi-v-jmpcso\/\"><span style=\"font-weight: 400;\">p\u0159ihl\u00e1\u0161ky<\/span><\/a><span style=\"font-weight: 400;\"> nebo zasl\u00e1n\u00ed osobn\u00edch \u00fadaj\u016f e-mailem na jmpcso@jmpcso.cz.<\/span><\/li>\n<li style=\"font-weight: 400;\" aria-level=\"1\"><span style=\"font-weight: 400;\">Placen\u00ed \u010dlensk\u00e9ho p\u0159\u00edsp\u011bvku ve v\u00fd\u0161i 100&nbsp;K\u010d ro\u010dn\u011b (pro \u010dleny star\u0161\u00ed 70 let jsou \u010dlensk\u00e9 p\u0159\u00edsp\u011bvky dobrovoln\u00e9). P\u0159\u00edsp\u011bvek je mo\u017en\u00e9 uhradit osobn\u011b na vybran\u00fdch akc\u00edch pobo\u010dky (nap\u0159.&nbsp;na \u010dlensk\u00e9 sch\u016fzi) nebo <\/span><span style=\"font-weight: 400;\">p\u0159evodem<\/span><span style=\"font-weight: 400;\"> na bankovn\u00ed \u00fa\u010det: 164525401\/0600 &#8211; doporu\u010dujeme nastavit trval\u00fd p\u0159\u00edkaz. P\u0159\u00edpadn\u011b p\u0159es QR kod.<\/span><\/li>\n<\/ul>\n<p><img loading=\"lazy\" decoding=\"async\" data-attachment-id=\"1785\" data-permalink=\"https:\/\/www.jmpcso.cz\/index.php\/o-nas\/clenstvi\/clensky_prispevek_qr\/\" data-orig-file=\"https:\/\/www.jmpcso.cz\/wp-content\/uploads\/2024\/07\/clensky_prispevek_qr.jpg\" data-orig-size=\"660,683\" data-comments-opened=\"0\" data-image-meta=\"{&quot;aperture&quot;:&quot;0&quot;,&quot;credit&quot;:&quot;&quot;,&quot;camera&quot;:&quot;&quot;,&quot;caption&quot;:&quot;&quot;,&quot;created_timestamp&quot;:&quot;0&quot;,&quot;copyright&quot;:&quot;&quot;,&quot;focal_length&quot;:&quot;0&quot;,&quot;iso&quot;:&quot;0&quot;,&quot;shutter_speed&quot;:&quot;0&quot;,&quot;title&quot;:&quot;&quot;,&quot;orientation&quot;:&quot;0&quot;}\" data-image-title=\"clensky_prispevek_qr\" data-image-description=\"\" data-image-caption=\"\" data-large-file=\"https:\/\/www.jmpcso.cz\/wp-content\/uploads\/2024\/07\/clensky_prispevek_qr.jpg\" class=\"aligncenter wp-image-1785\" src=\"https:\/\/www.jmpcso.cz\/wp-content\/uploads\/2024\/07\/clensky_prispevek_qr-290x300.jpg\" alt=\"\" width=\"150\" height=\"155\" srcset=\"https:\/\/www.jmpcso.cz\/wp-content\/uploads\/2024\/07\/clensky_prispevek_qr-290x300.jpg 290w, https:\/\/www.jmpcso.cz\/wp-content\/uploads\/2024\/07\/clensky_prispevek_qr.jpg 660w\" sizes=\"auto, (max-width: 150px) 100vw, 150px\" \/><\/p>\n","protected":false},"excerpt":{"rendered":"<p>V\u00fdhody \u010dlenstv\u00ed Dvakr\u00e1t do roka (jaro a&nbsp;podzim) po\u0159\u00e1d\u00e1me \u010dlenskou sch\u016fzi, kter\u00e1 b\u00fdv\u00e1 v\u017edy v&nbsp;sobotu v&nbsp;9:30 hod. zpravidla v&nbsp;p\u0159edn\u00e1\u0161kov\u00e9m s\u00e1le Moravsk\u00e9ho zemsk\u00e9ho muzea v&nbsp;Brn\u011b. Pozv\u00e1nky na sch\u016fzi pobo\u010dky zas\u00edl\u00e1me emailem a&nbsp;zve\u0159ej\u0148ujeme na Facebooku nebo zde na pobo\u010dkov\u00e9m webu, kde tak\u00e9 m\u016f\u017eete nal\u00e9zt dal\u0161\u00ed informace o&nbsp;na\u0161\u00ed \u010dinnosti. V&nbsp;jarn\u00edm obdob\u00ed (obvykle na p\u0159elomu b\u0159ezna a&nbsp;dubna) tak\u00e9 po\u0159\u00e1d\u00e1me &hellip; <a href=\"https:\/\/www.jmpcso.cz\/index.php\/o-nas\/clenstvi\/\" class=\"more-link\">Pokra\u010dov\u00e1n\u00ed textu <span class=\"screen-reader-text\">\u010clenstv\u00ed v&nbsp;JMP \u010cSO<\/span><\/a><\/p>\n","protected":false},"author":5,"featured_media":0,"parent":17,"menu_order":2,"comment_status":"closed","ping_status":"closed","template":"","meta":{"footnotes":""},"categories":[],"tags":[],"class_list":["post-1783","page","type-page","status-publish","hentry"],"jetpack_sharing_enabled":true,"jetpack_shortlink":"https:\/\/wp.me\/PfJgh8-sL","_links":{"self":[{"href":"https:\/\/www.jmpcso.cz\/index.php\/wp-json\/wp\/v2\/pages\/1783","targetHints":{"allow":["GET"]}}],"collection":[{"href":"https:\/\/www.jmpcso.cz\/index.php\/wp-json\/wp\/v2\/pages"}],"about":[{"href":"https:\/\/www.jmpcso.cz\/index.php\/wp-json\/wp\/v2\/types\/page"}],"author":[{"embeddable":true,"href":"https:\/\/www.jmpcso.cz\/index.php\/wp-json\/wp\/v2\/users\/5"}],"replies":[{"embeddable":true,"href":"https:\/\/www.jmpcso.cz\/index.php\/wp-json\/wp\/v2\/comments?post=1783"}],"version-history":[{"count":8,"href":"https:\/\/www.jmpcso.cz\/index.php\/wp-json\/wp\/v2\/pages\/1783\/revisions"}],"predecessor-version":[{"id":2474,"href":"https:\/\/www.jmpcso.cz\/index.php\/wp-json\/wp\/v2\/pages\/1783\/revisions\/2474"}],"up":[{"embeddable":true,"href":"https:\/\/www.jmpcso.cz\/index.php\/wp-json\/wp\/v2\/pages\/17"}],"wp:attachment":[{"href":"https:\/\/www.jmpcso.cz\/index.php\/wp-json\/wp\/v2\/media?parent=1783"}],"wp:term":[{"taxonomy":"category","embeddable":true,"href":"https:\/\/www.jmpcso.cz\/index.php\/wp-json\/wp\/v2\/categories?post=1783"},{"taxonomy":"post_tag","embeddable":true,"href":"https:\/\/www.jmpcso.cz\/index.php\/wp-json\/wp\/v2\/tags?post=1783"}],"curies":[{"name":"wp","href":"https:\/\/api.w.org\/{rel}","templated":true}]}}