{"id":2163,"date":"2025-03-07T22:06:56","date_gmt":"2025-03-07T21:06:56","guid":{"rendered":"https:\/\/www.jmpcso.cz\/?page_id=2163"},"modified":"2025-03-22T18:50:32","modified_gmt":"2025-03-22T17:50:32","slug":"vyrocni-zpravy","status":"publish","type":"page","link":"https:\/\/www.jmpcso.cz\/index.php\/o-nas\/vyrocni-zpravy\/","title":{"rendered":"V\u00fdro\u010dn\u00ed zpr\u00e1vy"},"content":{"rendered":"<div class=\"pt-cv-wrapper\"><div class=\"pt-cv-view pt-cv-grid pt-cv-colsys\" id=\"pt-cv-view-5ea3d3bt4f\"><div data-id=\"pt-cv-page-1\" class=\"pt-cv-page\" data-cvc=\"2\"><div class=\"col-md-6 col-sm-12 col-xs-12 pt-cv-content-item pt-cv-1-col\" ><div class='pt-cv-ifield'><div class=\"pt-cv-content\"><p><a href=\"https:\/\/www.jmpcso.cz\/wp-content\/uploads\/2026\/02\/cso-vyrocni-zprava-2024-A5.pdf\" target=\"_blank\" rel=\"noopener\"><img loading=\"lazy\" decoding=\"async\" data-attachment-id=\"2639\" data-permalink=\"https:\/\/www.jmpcso.cz\/index.php\/vyrocni-zprava-2024\/cso-vyrocni-zprava-2024-a5-2\/\" data-orig-file=\"https:\/\/www.jmpcso.cz\/wp-content\/uploads\/2026\/02\/cso-vyrocni-zprava-2024-A5.jpg\" data-orig-size=\"874,1241\" data-comments-opened=\"0\" data-image-meta=\"{&quot;aperture&quot;:&quot;0&quot;,&quot;credit&quot;:&quot;&quot;,&quot;camera&quot;:&quot;&quot;,&quot;caption&quot;:&quot;&quot;,&quot;created_timestamp&quot;:&quot;0&quot;,&quot;copyright&quot;:&quot;&quot;,&quot;focal_length&quot;:&quot;0&quot;,&quot;iso&quot;:&quot;0&quot;,&quot;shutter_speed&quot;:&quot;0&quot;,&quot;title&quot;:&quot;&quot;,&quot;orientation&quot;:&quot;0&quot;}\" data-image-title=\"cso vyrocni zprava 2024 A5\" data-image-description=\"\" data-image-caption=\"\" data-large-file=\"https:\/\/www.jmpcso.cz\/wp-content\/uploads\/2026\/02\/cso-vyrocni-zprava-2024-A5-721x1024.jpg\" class=\"alignnone wp-image-2639 size-medium\" src=\"https:\/\/www.jmpcso.cz\/wp-content\/uploads\/2026\/02\/cso-vyrocni-zprava-2024-A5-211x300.jpg\" alt=\"\" width=\"211\" height=\"300\" srcset=\"https:\/\/www.jmpcso.cz\/wp-content\/uploads\/2026\/02\/cso-vyrocni-zprava-2024-A5-211x300.jpg 211w, https:\/\/www.jmpcso.cz\/wp-content\/uploads\/2026\/02\/cso-vyrocni-zprava-2024-A5-721x1024.jpg 721w, https:\/\/www.jmpcso.cz\/wp-content\/uploads\/2026\/02\/cso-vyrocni-zprava-2024-A5-768x1090.jpg 768w, https:\/\/www.jmpcso.cz\/wp-content\/uploads\/2026\/02\/cso-vyrocni-zprava-2024-A5.jpg 874w\" sizes=\"auto, (max-width: 211px) 100vw, 211px\" \/><\/a><\/p>\n<p><a href=\"https:\/\/www.jmpcso.cz\/wp-content\/uploads\/2026\/02\/cso-vyrocni-zprava-2024-A5.pdf\" target=\"_blank\" rel=\"noopener\">PDF<\/a> ke sta\u017een\u00ed<\/p>\n<\/div><\/div><\/div>\n<div class=\"col-md-6 col-sm-12 col-xs-12 pt-cv-content-item pt-cv-1-col\" ><div class='pt-cv-ifield'><div class=\"pt-cv-content\"><p><a href=\"https:\/\/www.jmpcso.cz\/wp-content\/uploads\/2025\/03\/cso-vyrocni-zprava-2023-brozura-A5.pdf\" target=\"_blank\" rel=\"noopener\"><img loading=\"lazy\" decoding=\"async\" data-attachment-id=\"2157\" data-permalink=\"https:\/\/www.jmpcso.cz\/index.php\/o-nas\/vyrocni-zpravy\/vyrocni-zprava-2023\/vs-2023\/\" data-orig-file=\"https:\/\/www.jmpcso.cz\/wp-content\/uploads\/2025\/03\/VS-2023.jpg\" data-orig-size=\"1747,2482\" data-comments-opened=\"0\" data-image-meta=\"{&quot;aperture&quot;:&quot;0&quot;,&quot;credit&quot;:&quot;&quot;,&quot;camera&quot;:&quot;&quot;,&quot;caption&quot;:&quot;&quot;,&quot;created_timestamp&quot;:&quot;0&quot;,&quot;copyright&quot;:&quot;&quot;,&quot;focal_length&quot;:&quot;0&quot;,&quot;iso&quot;:&quot;0&quot;,&quot;shutter_speed&quot;:&quot;0&quot;,&quot;title&quot;:&quot;&quot;,&quot;orientation&quot;:&quot;0&quot;}\" data-image-title=\"VS-2023\" data-image-description=\"\" data-image-caption=\"\" data-large-file=\"https:\/\/www.jmpcso.cz\/wp-content\/uploads\/2025\/03\/VS-2023-721x1024.jpg\" class=\"alignnone wp-image-2157 size-medium\" src=\"https:\/\/www.jmpcso.cz\/wp-content\/uploads\/2025\/03\/VS-2023-211x300.jpg\" alt=\"\" width=\"211\" height=\"300\" srcset=\"https:\/\/www.jmpcso.cz\/wp-content\/uploads\/2025\/03\/VS-2023-211x300.jpg 211w, https:\/\/www.jmpcso.cz\/wp-content\/uploads\/2025\/03\/VS-2023-721x1024.jpg 721w, https:\/\/www.jmpcso.cz\/wp-content\/uploads\/2025\/03\/VS-2023-768x1091.jpg 768w, https:\/\/www.jmpcso.cz\/wp-content\/uploads\/2025\/03\/VS-2023-1081x1536.jpg 1081w, https:\/\/www.jmpcso.cz\/wp-content\/uploads\/2025\/03\/VS-2023-1442x2048.jpg 1442w, https:\/\/www.jmpcso.cz\/wp-content\/uploads\/2025\/03\/VS-2023.jpg 1747w\" sizes=\"auto, (max-width: 211px) 100vw, 211px\" \/><\/a><\/p>\n<p><a href=\"https:\/\/www.jmpcso.cz\/wp-content\/uploads\/2025\/03\/cso-vyrocni-zprava-2023-brozura-A5.pdf\" target=\"_blank\" rel=\"noopener\">PDF<\/a> ke sta\u017een\u00ed<\/p>\n<\/div><\/div><\/div><\/div><\/div><\/div>\n","protected":false},"excerpt":{"rendered":"","protected":false},"author":5,"featured_media":0,"parent":17,"menu_order":5,"comment_status":"closed","ping_status":"closed","template":"","meta":{"footnotes":""},"categories":[],"tags":[],"class_list":["post-2163","page","type-page","status-publish","hentry"],"jetpack_sharing_enabled":true,"jetpack_shortlink":"https:\/\/wp.me\/PfJgh8-yT","_links":{"self":[{"href":"https:\/\/www.jmpcso.cz\/index.php\/wp-json\/wp\/v2\/pages\/2163","targetHints":{"allow":["GET"]}}],"collection":[{"href":"https:\/\/www.jmpcso.cz\/index.php\/wp-json\/wp\/v2\/pages"}],"about":[{"href":"https:\/\/www.jmpcso.cz\/index.php\/wp-json\/wp\/v2\/types\/page"}],"author":[{"embeddable":true,"href":"https:\/\/www.jmpcso.cz\/index.php\/wp-json\/wp\/v2\/users\/5"}],"replies":[{"embeddable":true,"href":"https:\/\/www.jmpcso.cz\/index.php\/wp-json\/wp\/v2\/comments?post=2163"}],"version-history":[{"count":2,"href":"https:\/\/www.jmpcso.cz\/index.php\/wp-json\/wp\/v2\/pages\/2163\/revisions"}],"predecessor-version":[{"id":2165,"href":"https:\/\/www.jmpcso.cz\/index.php\/wp-json\/wp\/v2\/pages\/2163\/revisions\/2165"}],"up":[{"embeddable":true,"href":"https:\/\/www.jmpcso.cz\/index.php\/wp-json\/wp\/v2\/pages\/17"}],"wp:attachment":[{"href":"https:\/\/www.jmpcso.cz\/index.php\/wp-json\/wp\/v2\/media?parent=2163"}],"wp:term":[{"taxonomy":"category","embeddable":true,"href":"https:\/\/www.jmpcso.cz\/index.php\/wp-json\/wp\/v2\/categories?post=2163"},{"taxonomy":"post_tag","embeddable":true,"href":"https:\/\/www.jmpcso.cz\/index.php\/wp-json\/wp\/v2\/tags?post=2163"}],"curies":[{"name":"wp","href":"https:\/\/api.w.org\/{rel}","templated":true}]}}