{"id":2687,"date":"2026-03-07T15:26:22","date_gmt":"2026-03-07T14:26:22","guid":{"rendered":"https:\/\/www.jmpcso.cz\/?page_id=2687"},"modified":"2026-03-12T08:33:37","modified_gmt":"2026-03-12T07:33:37","slug":"lide","status":"publish","type":"page","link":"https:\/\/www.jmpcso.cz\/index.php\/o-nas\/lide\/","title":{"rendered":"Na\u0161i zam\u011bstnanci"},"content":{"rendered":"\n<div class=\"wp-block-media-text is-stacked-on-mobile\"><figure class=\"wp-block-media-text__media\"><img loading=\"lazy\" decoding=\"async\" width=\"1024\" height=\"1024\" data-attachment-id=\"2679\" data-permalink=\"https:\/\/www.jmpcso.cz\/index.php\/o-nas\/foto-zamestnanci-8\/\" data-orig-file=\"https:\/\/www.jmpcso.cz\/wp-content\/uploads\/2026\/03\/foto-zamestnanci-8.png\" data-orig-size=\"1294,1294\" data-comments-opened=\"0\" data-image-meta=\"{&quot;aperture&quot;:&quot;0&quot;,&quot;credit&quot;:&quot;&quot;,&quot;camera&quot;:&quot;&quot;,&quot;caption&quot;:&quot;&quot;,&quot;created_timestamp&quot;:&quot;0&quot;,&quot;copyright&quot;:&quot;&quot;,&quot;focal_length&quot;:&quot;0&quot;,&quot;iso&quot;:&quot;0&quot;,&quot;shutter_speed&quot;:&quot;0&quot;,&quot;title&quot;:&quot;&quot;,&quot;orientation&quot;:&quot;0&quot;}\" data-image-title=\"foto zam\u011bstnanci (8)\" data-image-description=\"\" data-image-caption=\"\" data-large-file=\"https:\/\/www.jmpcso.cz\/wp-content\/uploads\/2026\/03\/foto-zamestnanci-8-1024x1024.png\" src=\"https:\/\/www.jmpcso.cz\/wp-content\/uploads\/2026\/03\/foto-zamestnanci-8-1024x1024.png\" alt=\"\" class=\"wp-image-2679 size-full\" srcset=\"https:\/\/www.jmpcso.cz\/wp-content\/uploads\/2026\/03\/foto-zamestnanci-8-1024x1024.png 1024w, https:\/\/www.jmpcso.cz\/wp-content\/uploads\/2026\/03\/foto-zamestnanci-8-300x300.png 300w, https:\/\/www.jmpcso.cz\/wp-content\/uploads\/2026\/03\/foto-zamestnanci-8-150x150.png 150w, https:\/\/www.jmpcso.cz\/wp-content\/uploads\/2026\/03\/foto-zamestnanci-8-768x768.png 768w, https:\/\/www.jmpcso.cz\/wp-content\/uploads\/2026\/03\/foto-zamestnanci-8-50x50.png 50w, https:\/\/www.jmpcso.cz\/wp-content\/uploads\/2026\/03\/foto-zamestnanci-8.png 1294w\" sizes=\"auto, (max-width: 1024px) 100vw, 1024px\" \/><\/figure><div class=\"wp-block-media-text__content\">\n<p><strong>Ga\u0161par \u010caml\u00edk<\/strong><br>jednatel, ekolog, spr\u00e1va lokalit v&nbsp;na\u0161\u00ed p\u00e9\u010di, monitoring pt\u00e1k\u016f, \u0159\u00edzen\u00ed projekt\u016f<br><b>Kontakt:<\/b> <a href=\"mailto:camlik@jmpcso.cz\" target=\"_blank\" rel=\"noreferrer noopener\"><span style=\"font-weight: 400\">camlik@jmpcso.cz<\/span><\/a><span style=\"font-weight: 400\">, <\/span><br><span style=\"font-weight: 400\">tel. 731&nbsp;782&nbsp;066<\/span><\/p>\n<\/div><\/div>\n\n\n\n<div class=\"wp-block-media-text is-stacked-on-mobile\"><figure class=\"wp-block-media-text__media\"><img loading=\"lazy\" decoding=\"async\" width=\"1024\" height=\"1024\" data-attachment-id=\"2675\" data-permalink=\"https:\/\/www.jmpcso.cz\/index.php\/o-nas\/foto-zamestnanci-4\/\" data-orig-file=\"https:\/\/www.jmpcso.cz\/wp-content\/uploads\/2026\/03\/foto-zamestnanci-4.png\" data-orig-size=\"1294,1294\" data-comments-opened=\"0\" data-image-meta=\"{&quot;aperture&quot;:&quot;0&quot;,&quot;credit&quot;:&quot;&quot;,&quot;camera&quot;:&quot;&quot;,&quot;caption&quot;:&quot;&quot;,&quot;created_timestamp&quot;:&quot;0&quot;,&quot;copyright&quot;:&quot;&quot;,&quot;focal_length&quot;:&quot;0&quot;,&quot;iso&quot;:&quot;0&quot;,&quot;shutter_speed&quot;:&quot;0&quot;,&quot;title&quot;:&quot;&quot;,&quot;orientation&quot;:&quot;0&quot;}\" data-image-title=\"foto zam\u011bstnanci (4)\" data-image-description=\"\" data-image-caption=\"\" data-large-file=\"https:\/\/www.jmpcso.cz\/wp-content\/uploads\/2026\/03\/foto-zamestnanci-4-1024x1024.png\" src=\"https:\/\/www.jmpcso.cz\/wp-content\/uploads\/2026\/03\/foto-zamestnanci-4-1024x1024.png\" alt=\"\" class=\"wp-image-2675 size-full\" srcset=\"https:\/\/www.jmpcso.cz\/wp-content\/uploads\/2026\/03\/foto-zamestnanci-4-1024x1024.png 1024w, https:\/\/www.jmpcso.cz\/wp-content\/uploads\/2026\/03\/foto-zamestnanci-4-300x300.png 300w, https:\/\/www.jmpcso.cz\/wp-content\/uploads\/2026\/03\/foto-zamestnanci-4-150x150.png 150w, https:\/\/www.jmpcso.cz\/wp-content\/uploads\/2026\/03\/foto-zamestnanci-4-768x768.png 768w, https:\/\/www.jmpcso.cz\/wp-content\/uploads\/2026\/03\/foto-zamestnanci-4-50x50.png 50w, https:\/\/www.jmpcso.cz\/wp-content\/uploads\/2026\/03\/foto-zamestnanci-4.png 1294w\" sizes=\"auto, (max-width: 1024px) 100vw, 1024px\" \/><\/figure><div class=\"wp-block-media-text__content\">\n<p><strong><strong>Tereza \u010caml\u00edkov\u00e1<\/strong><\/strong><br><span style=\"font-weight: 400\">administrativa, projektov\u00e1 mana\u017eerka<\/span><br><b>Kontakt:<\/b> <span style=\"font-weight: 400\"><a href=\"mailto:tereza.camlikova@gmail.com\" target=\"_blank\" rel=\"noreferrer noopener\">tereza.camlikova@gmail.com<\/a><\/span><span style=\"font-weight: 400\">, <\/span><br><span style=\"font-weight: 400\">tel. 604&nbsp;300&nbsp;364<\/span><\/p>\n<\/div><\/div>\n\n\n\n<div class=\"wp-block-media-text is-stacked-on-mobile\"><figure class=\"wp-block-media-text__media\"><img loading=\"lazy\" decoding=\"async\" width=\"1024\" height=\"1024\" data-attachment-id=\"2677\" data-permalink=\"https:\/\/www.jmpcso.cz\/index.php\/o-nas\/foto-zamestnanci-6\/\" data-orig-file=\"https:\/\/www.jmpcso.cz\/wp-content\/uploads\/2026\/03\/foto-zamestnanci-6.png\" data-orig-size=\"1294,1294\" data-comments-opened=\"0\" data-image-meta=\"{&quot;aperture&quot;:&quot;0&quot;,&quot;credit&quot;:&quot;&quot;,&quot;camera&quot;:&quot;&quot;,&quot;caption&quot;:&quot;&quot;,&quot;created_timestamp&quot;:&quot;0&quot;,&quot;copyright&quot;:&quot;&quot;,&quot;focal_length&quot;:&quot;0&quot;,&quot;iso&quot;:&quot;0&quot;,&quot;shutter_speed&quot;:&quot;0&quot;,&quot;title&quot;:&quot;&quot;,&quot;orientation&quot;:&quot;0&quot;}\" data-image-title=\"foto zam\u011bstnanci (6)\" data-image-description=\"\" data-image-caption=\"\" data-large-file=\"https:\/\/www.jmpcso.cz\/wp-content\/uploads\/2026\/03\/foto-zamestnanci-6-1024x1024.png\" src=\"https:\/\/www.jmpcso.cz\/wp-content\/uploads\/2026\/03\/foto-zamestnanci-6-1024x1024.png\" alt=\"\" class=\"wp-image-2677 size-full\" srcset=\"https:\/\/www.jmpcso.cz\/wp-content\/uploads\/2026\/03\/foto-zamestnanci-6-1024x1024.png 1024w, https:\/\/www.jmpcso.cz\/wp-content\/uploads\/2026\/03\/foto-zamestnanci-6-300x300.png 300w, https:\/\/www.jmpcso.cz\/wp-content\/uploads\/2026\/03\/foto-zamestnanci-6-150x150.png 150w, https:\/\/www.jmpcso.cz\/wp-content\/uploads\/2026\/03\/foto-zamestnanci-6-768x768.png 768w, https:\/\/www.jmpcso.cz\/wp-content\/uploads\/2026\/03\/foto-zamestnanci-6-50x50.png 50w, https:\/\/www.jmpcso.cz\/wp-content\/uploads\/2026\/03\/foto-zamestnanci-6.png 1294w\" sizes=\"auto, (max-width: 1024px) 100vw, 1024px\" \/><\/figure><div class=\"wp-block-media-text__content\">\n<p><strong><strong><strong>Veronika F\u00faskov\u00e1<\/strong><\/strong><\/strong><br><span style=\"font-weight: 400\">administrativa, projektov\u00e1 mana\u017eerka<\/span><br><b>Kontakt:<\/b> <span style=\"font-weight: 400\"><a href=\"mailto:fuskova@jmpcso.cz\" target=\"_blank\" rel=\"noreferrer noopener\">fuskova@jmpcso.cz<\/a>, <\/span><br><span style=\"font-weight: 400\">tel. 774&nbsp;951&nbsp;335<\/span><\/p>\n<\/div><\/div>\n\n\n\n<div class=\"wp-block-media-text is-stacked-on-mobile\"><figure class=\"wp-block-media-text__media\"><img loading=\"lazy\" decoding=\"async\" width=\"1024\" height=\"1024\" data-attachment-id=\"2671\" data-permalink=\"https:\/\/www.jmpcso.cz\/index.php\/o-nas\/foto-zamestnanci\/\" data-orig-file=\"https:\/\/www.jmpcso.cz\/wp-content\/uploads\/2026\/03\/foto-zamestnanci.png\" data-orig-size=\"1294,1294\" data-comments-opened=\"0\" data-image-meta=\"{&quot;aperture&quot;:&quot;0&quot;,&quot;credit&quot;:&quot;&quot;,&quot;camera&quot;:&quot;&quot;,&quot;caption&quot;:&quot;&quot;,&quot;created_timestamp&quot;:&quot;0&quot;,&quot;copyright&quot;:&quot;&quot;,&quot;focal_length&quot;:&quot;0&quot;,&quot;iso&quot;:&quot;0&quot;,&quot;shutter_speed&quot;:&quot;0&quot;,&quot;title&quot;:&quot;&quot;,&quot;orientation&quot;:&quot;0&quot;}\" data-image-title=\"foto zam\u011bstnanci\" data-image-description=\"\" data-image-caption=\"\" data-large-file=\"https:\/\/www.jmpcso.cz\/wp-content\/uploads\/2026\/03\/foto-zamestnanci-1024x1024.png\" src=\"https:\/\/www.jmpcso.cz\/wp-content\/uploads\/2026\/03\/foto-zamestnanci-1024x1024.png\" alt=\"\" class=\"wp-image-2671 size-full\" srcset=\"https:\/\/www.jmpcso.cz\/wp-content\/uploads\/2026\/03\/foto-zamestnanci-1024x1024.png 1024w, https:\/\/www.jmpcso.cz\/wp-content\/uploads\/2026\/03\/foto-zamestnanci-300x300.png 300w, https:\/\/www.jmpcso.cz\/wp-content\/uploads\/2026\/03\/foto-zamestnanci-150x150.png 150w, https:\/\/www.jmpcso.cz\/wp-content\/uploads\/2026\/03\/foto-zamestnanci-768x768.png 768w, https:\/\/www.jmpcso.cz\/wp-content\/uploads\/2026\/03\/foto-zamestnanci-50x50.png 50w, https:\/\/www.jmpcso.cz\/wp-content\/uploads\/2026\/03\/foto-zamestnanci.png 1294w\" sizes=\"auto, (max-width: 1024px) 100vw, 1024px\" \/><\/figure><div class=\"wp-block-media-text__content\">\n<p><strong><strong><strong><strong>Kry\u0161tof Hor\u00e1k<\/strong><\/strong><\/strong><\/strong><br><span style=\"font-weight: 400\">monitoring pt\u00e1k\u016f, pr\u016fzkumy zvl\u00e1\u0161t\u011b chr\u00e1n\u011bn\u00fdch druh\u016f na stavb\u00e1ch (okres Brno-m\u011bsto, Brno-venkov, Znojmo), environment\u00e1ln\u00ed vzd\u011bl\u00e1v\u00e1n\u00ed<\/span><br><b>Kontakt:<\/b> <span style=\"font-weight: 400\"><a href=\"mailto:horak@jmpcso.cz\" target=\"_blank\" rel=\"noreferrer noopener\">horak@jmpcso.cz<\/a>, <\/span><br><span style=\"font-weight: 400\">tel. 737&nbsp;301&nbsp;664<\/span><\/p>\n<\/div><\/div>\n\n\n\n<div class=\"wp-block-media-text is-stacked-on-mobile\"><figure class=\"wp-block-media-text__media\"><img loading=\"lazy\" decoding=\"async\" width=\"1024\" height=\"1024\" data-attachment-id=\"2674\" data-permalink=\"https:\/\/www.jmpcso.cz\/index.php\/o-nas\/foto-zamestnanci-3\/\" data-orig-file=\"https:\/\/www.jmpcso.cz\/wp-content\/uploads\/2026\/03\/foto-zamestnanci-3.png\" data-orig-size=\"1294,1294\" data-comments-opened=\"0\" data-image-meta=\"{&quot;aperture&quot;:&quot;0&quot;,&quot;credit&quot;:&quot;&quot;,&quot;camera&quot;:&quot;&quot;,&quot;caption&quot;:&quot;&quot;,&quot;created_timestamp&quot;:&quot;0&quot;,&quot;copyright&quot;:&quot;&quot;,&quot;focal_length&quot;:&quot;0&quot;,&quot;iso&quot;:&quot;0&quot;,&quot;shutter_speed&quot;:&quot;0&quot;,&quot;title&quot;:&quot;&quot;,&quot;orientation&quot;:&quot;0&quot;}\" data-image-title=\"foto zam\u011bstnanci (3)\" data-image-description=\"\" data-image-caption=\"\" data-large-file=\"https:\/\/www.jmpcso.cz\/wp-content\/uploads\/2026\/03\/foto-zamestnanci-3-1024x1024.png\" src=\"https:\/\/www.jmpcso.cz\/wp-content\/uploads\/2026\/03\/foto-zamestnanci-3-1024x1024.png\" alt=\"\" class=\"wp-image-2674 size-full\" srcset=\"https:\/\/www.jmpcso.cz\/wp-content\/uploads\/2026\/03\/foto-zamestnanci-3-1024x1024.png 1024w, https:\/\/www.jmpcso.cz\/wp-content\/uploads\/2026\/03\/foto-zamestnanci-3-300x300.png 300w, https:\/\/www.jmpcso.cz\/wp-content\/uploads\/2026\/03\/foto-zamestnanci-3-150x150.png 150w, https:\/\/www.jmpcso.cz\/wp-content\/uploads\/2026\/03\/foto-zamestnanci-3-768x768.png 768w, https:\/\/www.jmpcso.cz\/wp-content\/uploads\/2026\/03\/foto-zamestnanci-3-50x50.png 50w, https:\/\/www.jmpcso.cz\/wp-content\/uploads\/2026\/03\/foto-zamestnanci-3.png 1294w\" sizes=\"auto, (max-width: 1024px) 100vw, 1024px\" \/><\/figure><div class=\"wp-block-media-text__content\">\n<p><strong><strong><strong><strong><strong>B\u00e1ra Kettnerov\u00e1<\/strong><\/strong><\/strong><\/strong><\/strong><br><span style=\"font-weight: 400\">koordinace dobrovoln\u00edk\u016f, p\u00e9\u010de o&nbsp;lokality<\/span><br><b>Kontakt:<\/b> <span style=\"font-weight: 400\"><a href=\"mailto:kettnerova@jmpcso.cz\">kettnerova@jmpcso.cz<\/a><\/span><\/p>\n<\/div><\/div>\n\n\n\n<div class=\"wp-block-media-text is-stacked-on-mobile\"><figure class=\"wp-block-media-text__media\"><img loading=\"lazy\" decoding=\"async\" width=\"1024\" height=\"1024\" data-attachment-id=\"2670\" data-permalink=\"https:\/\/www.jmpcso.cz\/index.php\/o-nas\/bez-nazvu-10-954-x-10-954-cm\/\" data-orig-file=\"https:\/\/www.jmpcso.cz\/wp-content\/uploads\/2026\/03\/Bez-nazvu-10.954-x-10.954-cm.png\" data-orig-size=\"1294,1294\" data-comments-opened=\"0\" data-image-meta=\"{&quot;aperture&quot;:&quot;0&quot;,&quot;credit&quot;:&quot;&quot;,&quot;camera&quot;:&quot;&quot;,&quot;caption&quot;:&quot;&quot;,&quot;created_timestamp&quot;:&quot;0&quot;,&quot;copyright&quot;:&quot;&quot;,&quot;focal_length&quot;:&quot;0&quot;,&quot;iso&quot;:&quot;0&quot;,&quot;shutter_speed&quot;:&quot;0&quot;,&quot;title&quot;:&quot;&quot;,&quot;orientation&quot;:&quot;0&quot;}\" data-image-title=\"Bez n\u00e1zvu (10.954 x 10.954 cm)\" data-image-description=\"\" data-image-caption=\"\" data-large-file=\"https:\/\/www.jmpcso.cz\/wp-content\/uploads\/2026\/03\/Bez-nazvu-10.954-x-10.954-cm-1024x1024.png\" src=\"https:\/\/www.jmpcso.cz\/wp-content\/uploads\/2026\/03\/Bez-nazvu-10.954-x-10.954-cm-1024x1024.png\" alt=\"\" class=\"wp-image-2670 size-full\" srcset=\"https:\/\/www.jmpcso.cz\/wp-content\/uploads\/2026\/03\/Bez-nazvu-10.954-x-10.954-cm-1024x1024.png 1024w, https:\/\/www.jmpcso.cz\/wp-content\/uploads\/2026\/03\/Bez-nazvu-10.954-x-10.954-cm-300x300.png 300w, https:\/\/www.jmpcso.cz\/wp-content\/uploads\/2026\/03\/Bez-nazvu-10.954-x-10.954-cm-150x150.png 150w, https:\/\/www.jmpcso.cz\/wp-content\/uploads\/2026\/03\/Bez-nazvu-10.954-x-10.954-cm-768x768.png 768w, https:\/\/www.jmpcso.cz\/wp-content\/uploads\/2026\/03\/Bez-nazvu-10.954-x-10.954-cm-50x50.png 50w, https:\/\/www.jmpcso.cz\/wp-content\/uploads\/2026\/03\/Bez-nazvu-10.954-x-10.954-cm.png 1294w\" sizes=\"auto, (max-width: 1024px) 100vw, 1024px\" \/><\/figure><div class=\"wp-block-media-text__content\">\n<p><strong><strong><strong><strong><strong>Jan Ku\u010d\u00edrek<\/strong><\/strong><\/strong><\/strong><\/strong><br><span style=\"font-weight: 400\">p\u00e9\u010de o&nbsp;lokality<\/span>, spr\u00e1va pta\u010d\u00edho parku Kosteliska, monitoring pt\u00e1k\u016f<br><b>Kontakt:<\/b> <a href=\"mailto:Jankucirek79@gmail.com\" target=\"_blank\" rel=\"noreferrer noopener\">Jankucirek79@gmail.com<\/a><br>tel. 774&nbsp;982&nbsp;674<\/p>\n<\/div><\/div>\n\n\n\n<div class=\"wp-block-media-text is-stacked-on-mobile\"><figure class=\"wp-block-media-text__media\"><img loading=\"lazy\" decoding=\"async\" width=\"1024\" height=\"1024\" data-attachment-id=\"2678\" data-permalink=\"https:\/\/www.jmpcso.cz\/index.php\/o-nas\/foto-zamestnanci-7\/\" data-orig-file=\"https:\/\/www.jmpcso.cz\/wp-content\/uploads\/2026\/03\/foto-zamestnanci-7.png\" data-orig-size=\"1294,1294\" data-comments-opened=\"0\" data-image-meta=\"{&quot;aperture&quot;:&quot;0&quot;,&quot;credit&quot;:&quot;&quot;,&quot;camera&quot;:&quot;&quot;,&quot;caption&quot;:&quot;&quot;,&quot;created_timestamp&quot;:&quot;0&quot;,&quot;copyright&quot;:&quot;&quot;,&quot;focal_length&quot;:&quot;0&quot;,&quot;iso&quot;:&quot;0&quot;,&quot;shutter_speed&quot;:&quot;0&quot;,&quot;title&quot;:&quot;&quot;,&quot;orientation&quot;:&quot;0&quot;}\" data-image-title=\"foto zam\u011bstnanci (7)\" data-image-description=\"\" data-image-caption=\"\" data-large-file=\"https:\/\/www.jmpcso.cz\/wp-content\/uploads\/2026\/03\/foto-zamestnanci-7-1024x1024.png\" src=\"https:\/\/www.jmpcso.cz\/wp-content\/uploads\/2026\/03\/foto-zamestnanci-7-1024x1024.png\" alt=\"\" class=\"wp-image-2678 size-full\" srcset=\"https:\/\/www.jmpcso.cz\/wp-content\/uploads\/2026\/03\/foto-zamestnanci-7-1024x1024.png 1024w, https:\/\/www.jmpcso.cz\/wp-content\/uploads\/2026\/03\/foto-zamestnanci-7-300x300.png 300w, https:\/\/www.jmpcso.cz\/wp-content\/uploads\/2026\/03\/foto-zamestnanci-7-150x150.png 150w, https:\/\/www.jmpcso.cz\/wp-content\/uploads\/2026\/03\/foto-zamestnanci-7-768x768.png 768w, https:\/\/www.jmpcso.cz\/wp-content\/uploads\/2026\/03\/foto-zamestnanci-7-50x50.png 50w, https:\/\/www.jmpcso.cz\/wp-content\/uploads\/2026\/03\/foto-zamestnanci-7.png 1294w\" sizes=\"auto, (max-width: 1024px) 100vw, 1024px\" \/><\/figure><div class=\"wp-block-media-text__content\">\n<p><strong><strong><strong><strong><strong>Marek Pali\u010dka<\/strong><\/strong><\/strong><\/strong><\/strong><br><span style=\"font-weight: 400\">p\u00e9\u010de o&nbsp;lokality<\/span>, monitoring pt\u00e1k\u016f<br><b>Kontakt:<\/b> <br><a href=\"mailto:palickamarek25@seznam.cz\" target=\"_blank\" rel=\"noreferrer noopener\">palickamarek25<span style=\"font-weight: 400\">@<\/span>seznam.cz<\/a><\/p>\n<\/div><\/div>\n\n\n\n<div class=\"wp-block-media-text is-stacked-on-mobile\"><figure class=\"wp-block-media-text__media\"><img loading=\"lazy\" decoding=\"async\" width=\"1024\" height=\"1024\" data-attachment-id=\"2676\" data-permalink=\"https:\/\/www.jmpcso.cz\/index.php\/o-nas\/foto-zamestnanci-5\/\" data-orig-file=\"https:\/\/www.jmpcso.cz\/wp-content\/uploads\/2026\/03\/foto-zamestnanci-5.png\" data-orig-size=\"1294,1294\" data-comments-opened=\"0\" data-image-meta=\"{&quot;aperture&quot;:&quot;0&quot;,&quot;credit&quot;:&quot;&quot;,&quot;camera&quot;:&quot;&quot;,&quot;caption&quot;:&quot;&quot;,&quot;created_timestamp&quot;:&quot;0&quot;,&quot;copyright&quot;:&quot;&quot;,&quot;focal_length&quot;:&quot;0&quot;,&quot;iso&quot;:&quot;0&quot;,&quot;shutter_speed&quot;:&quot;0&quot;,&quot;title&quot;:&quot;&quot;,&quot;orientation&quot;:&quot;0&quot;}\" data-image-title=\"foto zam\u011bstnanci (5)\" data-image-description=\"\" data-image-caption=\"\" data-large-file=\"https:\/\/www.jmpcso.cz\/wp-content\/uploads\/2026\/03\/foto-zamestnanci-5-1024x1024.png\" src=\"https:\/\/www.jmpcso.cz\/wp-content\/uploads\/2026\/03\/foto-zamestnanci-5-1024x1024.png\" alt=\"\" class=\"wp-image-2676 size-full\" srcset=\"https:\/\/www.jmpcso.cz\/wp-content\/uploads\/2026\/03\/foto-zamestnanci-5-1024x1024.png 1024w, https:\/\/www.jmpcso.cz\/wp-content\/uploads\/2026\/03\/foto-zamestnanci-5-300x300.png 300w, https:\/\/www.jmpcso.cz\/wp-content\/uploads\/2026\/03\/foto-zamestnanci-5-150x150.png 150w, https:\/\/www.jmpcso.cz\/wp-content\/uploads\/2026\/03\/foto-zamestnanci-5-768x768.png 768w, https:\/\/www.jmpcso.cz\/wp-content\/uploads\/2026\/03\/foto-zamestnanci-5-50x50.png 50w, https:\/\/www.jmpcso.cz\/wp-content\/uploads\/2026\/03\/foto-zamestnanci-5.png 1294w\" sizes=\"auto, (max-width: 1024px) 100vw, 1024px\" \/><\/figure><div class=\"wp-block-media-text__content\">\n<p><strong><strong><strong><strong><strong><strong><strong><strong>Ond\u0159ej Ry\u0161ka<\/strong><\/strong><\/strong><\/strong><\/strong><\/strong><\/strong><\/strong><br>monitoring a&nbsp;pr\u016fzkumy v\u00fdskytu pt\u00e1k\u016f, p\u00e9\u010de o&nbsp;lokality, spr\u00e1va pta\u010d\u00edho parku Kosteliska<br><strong>Kontakt:<\/strong> <a href=\"mailto:ryska@jmpcso.cz\" target=\"_blank\" rel=\"noreferrer noopener\">ryska@jmpcso.cz<\/a>, <br>tel. 704&nbsp;042&nbsp;108<\/p>\n<\/div><\/div>\n\n\n\n<div class=\"wp-block-media-text is-stacked-on-mobile\"><figure class=\"wp-block-media-text__media\"><img loading=\"lazy\" decoding=\"async\" width=\"1024\" height=\"1024\" data-attachment-id=\"2673\" data-permalink=\"https:\/\/www.jmpcso.cz\/index.php\/o-nas\/foto-zamestnanci-2\/\" data-orig-file=\"https:\/\/www.jmpcso.cz\/wp-content\/uploads\/2026\/03\/foto-zamestnanci-2.png\" data-orig-size=\"1294,1294\" data-comments-opened=\"0\" data-image-meta=\"{&quot;aperture&quot;:&quot;0&quot;,&quot;credit&quot;:&quot;&quot;,&quot;camera&quot;:&quot;&quot;,&quot;caption&quot;:&quot;&quot;,&quot;created_timestamp&quot;:&quot;0&quot;,&quot;copyright&quot;:&quot;&quot;,&quot;focal_length&quot;:&quot;0&quot;,&quot;iso&quot;:&quot;0&quot;,&quot;shutter_speed&quot;:&quot;0&quot;,&quot;title&quot;:&quot;&quot;,&quot;orientation&quot;:&quot;0&quot;}\" data-image-title=\"foto zam\u011bstnanci (2)\" data-image-description=\"\" data-image-caption=\"\" data-large-file=\"https:\/\/www.jmpcso.cz\/wp-content\/uploads\/2026\/03\/foto-zamestnanci-2-1024x1024.png\" src=\"https:\/\/www.jmpcso.cz\/wp-content\/uploads\/2026\/03\/foto-zamestnanci-2-1024x1024.png\" alt=\"\" class=\"wp-image-2673 size-full\" srcset=\"https:\/\/www.jmpcso.cz\/wp-content\/uploads\/2026\/03\/foto-zamestnanci-2-1024x1024.png 1024w, https:\/\/www.jmpcso.cz\/wp-content\/uploads\/2026\/03\/foto-zamestnanci-2-300x300.png 300w, https:\/\/www.jmpcso.cz\/wp-content\/uploads\/2026\/03\/foto-zamestnanci-2-150x150.png 150w, https:\/\/www.jmpcso.cz\/wp-content\/uploads\/2026\/03\/foto-zamestnanci-2-768x768.png 768w, https:\/\/www.jmpcso.cz\/wp-content\/uploads\/2026\/03\/foto-zamestnanci-2-50x50.png 50w, https:\/\/www.jmpcso.cz\/wp-content\/uploads\/2026\/03\/foto-zamestnanci-2.png 1294w\" sizes=\"auto, (max-width: 1024px) 100vw, 1024px\" \/><\/figure><div class=\"wp-block-media-text__content\">\n<p><strong><strong><strong><strong><strong><strong><strong><strong><strong>Marta Stehl\u00edkov\u00e1<\/strong><\/strong><\/strong><\/strong><\/strong><\/strong><\/strong><\/strong><\/strong><br>p\u00e9\u010de o&nbsp;zv\u00ed\u0159ata, p\u00e9\u010de o&nbsp;lokality <strong>Kontakt:<\/strong> <a href=\"mailto:stehlikova@jmpcso.cz\" target=\"_blank\" rel=\"noreferrer noopener\">stehlikova@jmpcso.cz<\/a><\/p>\n<\/div><\/div>\n\n\n\n<div class=\"wp-block-media-text is-stacked-on-mobile\"><figure class=\"wp-block-media-text__media\"><img loading=\"lazy\" decoding=\"async\" width=\"1024\" height=\"1024\" data-attachment-id=\"2672\" data-permalink=\"https:\/\/www.jmpcso.cz\/index.php\/o-nas\/foto-zamestnanci-1\/\" data-orig-file=\"https:\/\/www.jmpcso.cz\/wp-content\/uploads\/2026\/03\/foto-zamestnanci-1.png\" data-orig-size=\"1294,1294\" data-comments-opened=\"0\" data-image-meta=\"{&quot;aperture&quot;:&quot;0&quot;,&quot;credit&quot;:&quot;&quot;,&quot;camera&quot;:&quot;&quot;,&quot;caption&quot;:&quot;&quot;,&quot;created_timestamp&quot;:&quot;0&quot;,&quot;copyright&quot;:&quot;&quot;,&quot;focal_length&quot;:&quot;0&quot;,&quot;iso&quot;:&quot;0&quot;,&quot;shutter_speed&quot;:&quot;0&quot;,&quot;title&quot;:&quot;&quot;,&quot;orientation&quot;:&quot;0&quot;}\" data-image-title=\"foto zam\u011bstnanci (1)\" data-image-description=\"\" data-image-caption=\"\" data-large-file=\"https:\/\/www.jmpcso.cz\/wp-content\/uploads\/2026\/03\/foto-zamestnanci-1-1024x1024.png\" src=\"https:\/\/www.jmpcso.cz\/wp-content\/uploads\/2026\/03\/foto-zamestnanci-1-1024x1024.png\" alt=\"\" class=\"wp-image-2672 size-full\" srcset=\"https:\/\/www.jmpcso.cz\/wp-content\/uploads\/2026\/03\/foto-zamestnanci-1-1024x1024.png 1024w, https:\/\/www.jmpcso.cz\/wp-content\/uploads\/2026\/03\/foto-zamestnanci-1-300x300.png 300w, https:\/\/www.jmpcso.cz\/wp-content\/uploads\/2026\/03\/foto-zamestnanci-1-150x150.png 150w, https:\/\/www.jmpcso.cz\/wp-content\/uploads\/2026\/03\/foto-zamestnanci-1-768x768.png 768w, https:\/\/www.jmpcso.cz\/wp-content\/uploads\/2026\/03\/foto-zamestnanci-1-50x50.png 50w, https:\/\/www.jmpcso.cz\/wp-content\/uploads\/2026\/03\/foto-zamestnanci-1.png 1294w\" sizes=\"auto, (max-width: 1024px) 100vw, 1024px\" \/><\/figure><div class=\"wp-block-media-text__content\">\n<p><strong><strong><strong><strong><strong><strong><strong><strong><strong><strong>Gabriela Ve\u010de\u0159ov\u00e1<\/strong><\/strong><\/strong><\/strong><\/strong><\/strong><\/strong><\/strong><\/strong><\/strong><br>monitoring pt\u00e1k\u016f, pr\u016fzkumy zvl\u00e1\u0161t\u011b chr\u00e1n\u011bn\u00fdch druh\u016f na stavb\u00e1ch (cel\u00e1 p\u016fsobnost Jihomoravsk\u00fd kraj, okres Zl\u00edn a&nbsp;Uhersk\u00e9 hradi\u0161t\u011b), environment\u00e1ln\u00ed vzd\u011bl\u00e1v\u00e1n\u00ed, \u010dlensk\u00e1 agenda<br><strong>Kontakt:<\/strong> <a href=\"mailto:vecerova@jmpcso.cz\">vecerova@jmpcso.cz<\/a>, <br>tel. 702&nbsp;129&nbsp;777<\/p>\n<\/div><\/div>\n","protected":false},"excerpt":{"rendered":"<p>Ga\u0161par \u010caml\u00edkjednatel, ekolog, spr\u00e1va lokalit v&nbsp;na\u0161\u00ed p\u00e9\u010di, monitoring pt\u00e1k\u016f, \u0159\u00edzen\u00ed projekt\u016fKontakt: camlik@jmpcso.cz, tel. 731&nbsp;782&nbsp;066 Tereza \u010caml\u00edkov\u00e1administrativa, projektov\u00e1 mana\u017eerkaKontakt: tereza.camlikova@gmail.com, tel. 604&nbsp;300&nbsp;364 Veronika F\u00faskov\u00e1administrativa, projektov\u00e1 mana\u017eerkaKontakt: fuskova@jmpcso.cz, tel. 774&nbsp;951&nbsp;335 Kry\u0161tof Hor\u00e1kmonitoring pt\u00e1k\u016f, pr\u016fzkumy zvl\u00e1\u0161t\u011b chr\u00e1n\u011bn\u00fdch druh\u016f na stavb\u00e1ch (okres Brno-m\u011bsto, Brno-venkov, Znojmo), environment\u00e1ln\u00ed vzd\u011bl\u00e1v\u00e1n\u00edKontakt: horak@jmpcso.cz, tel. 737&nbsp;301&nbsp;664 B\u00e1ra Kettnerov\u00e1koordinace dobrovoln\u00edk\u016f, p\u00e9\u010de o&nbsp;lokalityKontakt: kettnerova@jmpcso.cz Jan Ku\u010d\u00edrekp\u00e9\u010de o&nbsp;lokality, &hellip; <a href=\"https:\/\/www.jmpcso.cz\/index.php\/o-nas\/lide\/\" class=\"more-link\">Pokra\u010dov\u00e1n\u00ed textu <span class=\"screen-reader-text\">Na\u0161i zam\u011bstnanci<\/span><\/a><\/p>\n","protected":false},"author":5,"featured_media":0,"parent":17,"menu_order":0,"comment_status":"closed","ping_status":"closed","template":"","meta":{"footnotes":""},"categories":[],"tags":[],"class_list":["post-2687","page","type-page","status-publish","hentry"],"jetpack_sharing_enabled":true,"jetpack_shortlink":"https:\/\/wp.me\/PfJgh8-Hl","_links":{"self":[{"href":"https:\/\/www.jmpcso.cz\/index.php\/wp-json\/wp\/v2\/pages\/2687","targetHints":{"allow":["GET"]}}],"collection":[{"href":"https:\/\/www.jmpcso.cz\/index.php\/wp-json\/wp\/v2\/pages"}],"about":[{"href":"https:\/\/www.jmpcso.cz\/index.php\/wp-json\/wp\/v2\/types\/page"}],"author":[{"embeddable":true,"href":"https:\/\/www.jmpcso.cz\/index.php\/wp-json\/wp\/v2\/users\/5"}],"replies":[{"embeddable":true,"href":"https:\/\/www.jmpcso.cz\/index.php\/wp-json\/wp\/v2\/comments?post=2687"}],"version-history":[{"count":45,"href":"https:\/\/www.jmpcso.cz\/index.php\/wp-json\/wp\/v2\/pages\/2687\/revisions"}],"predecessor-version":[{"id":2742,"href":"https:\/\/www.jmpcso.cz\/index.php\/wp-json\/wp\/v2\/pages\/2687\/revisions\/2742"}],"up":[{"embeddable":true,"href":"https:\/\/www.jmpcso.cz\/index.php\/wp-json\/wp\/v2\/pages\/17"}],"wp:attachment":[{"href":"https:\/\/www.jmpcso.cz\/index.php\/wp-json\/wp\/v2\/media?parent=2687"}],"wp:term":[{"taxonomy":"category","embeddable":true,"href":"https:\/\/www.jmpcso.cz\/index.php\/wp-json\/wp\/v2\/categories?post=2687"},{"taxonomy":"post_tag","embeddable":true,"href":"https:\/\/www.jmpcso.cz\/index.php\/wp-json\/wp\/v2\/tags?post=2687"}],"curies":[{"name":"wp","href":"https:\/\/api.w.org\/{rel}","templated":true}]}}